{"id":115,"date":"2018-11-13T04:18:53","date_gmt":"2018-11-13T04:18:53","guid":{"rendered":"https:\/\/iejuliussieber.edu.co\/sitio\/?page_id=115"},"modified":"2023-06-07T22:27:45","modified_gmt":"2023-06-08T03:27:45","slug":"historia","status":"publish","type":"page","link":"https:\/\/iejuliussieber.edu.co\/sitio\/historia\/","title":{"rendered":"HISTORIA"},"content":{"rendered":"\t\t<div data-elementor-type=\"wp-page\" data-elementor-id=\"115\" class=\"elementor elementor-115\" data-elementor-post-type=\"page\">\n\t\t\t\t\t\t<section class=\"elementor-section elementor-top-section elementor-element elementor-element-8f166ff elementor-section-boxed elementor-section-height-default elementor-section-height-default\" data-id=\"8f166ff\" data-element_type=\"section\" data-e-type=\"section\">\n\t\t\t\t\t\t<div class=\"elementor-container elementor-column-gap-default\">\n\t\t\t\t\t<div class=\"elementor-column elementor-col-33 elementor-top-column elementor-element elementor-element-953048c\" data-id=\"953048c\" data-element_type=\"column\" data-e-type=\"column\">\n\t\t\t<div class=\"elementor-widget-wrap elementor-element-populated\">\n\t\t\t\t\t\t<div class=\"elementor-element elementor-element-7579e4d elementor-align-center elementor-widget elementor-widget-button\" data-id=\"7579e4d\" data-element_type=\"widget\" data-e-type=\"widget\" data-settings=\"{&quot;motion_fx_motion_fx_mouse&quot;:&quot;yes&quot;,&quot;motion_fx_mouseTrack_effect&quot;:&quot;yes&quot;,&quot;motion_fx_mouseTrack_speed&quot;:{&quot;unit&quot;:&quot;px&quot;,&quot;size&quot;:0.1,&quot;sizes&quot;:[]}}\" data-widget_type=\"button.default\">\n\t\t\t\t<div class=\"elementor-widget-container\">\n\t\t\t\t\t\t\t\t\t<div class=\"elementor-button-wrapper\">\n\t\t\t\t\t<a class=\"elementor-button elementor-button-link elementor-size-sm\" href=\"https:\/\/iejuliussieber.edu.co\/sitio\/\">\n\t\t\t\t\t\t<span class=\"elementor-button-content-wrapper\">\n\t\t\t\t\t\t<span class=\"elementor-button-icon\">\n\t\t\t\t<i aria-hidden=\"true\" class=\"fas fa-home\"><\/i>\t\t\t<\/span>\n\t\t\t\t\t\t\t\t\t<span class=\"elementor-button-text\">INICIO<\/span>\n\t\t\t\t\t<\/span>\n\t\t\t\t\t<\/a>\n\t\t\t\t<\/div>\n\t\t\t\t\t\t\t\t<\/div>\n\t\t\t\t<\/div>\n\t\t\t\t\t<\/div>\n\t\t<\/div>\n\t\t\t\t<div class=\"elementor-column elementor-col-33 elementor-top-column elementor-element elementor-element-a7f31e8\" data-id=\"a7f31e8\" data-element_type=\"column\" data-e-type=\"column\">\n\t\t\t<div class=\"elementor-widget-wrap elementor-element-populated\">\n\t\t\t\t\t\t<div class=\"elementor-element elementor-element-3549b3c elementor-widget__width-initial elementor-widget elementor-widget-image\" data-id=\"3549b3c\" data-element_type=\"widget\" data-e-type=\"widget\" data-widget_type=\"image.default\">\n\t\t\t\t<div class=\"elementor-widget-container\">\n\t\t\t\t\t\t\t\t\t\t\t\t\t\t\t\t<a href=\"https:\/\/iejuliussieber.edu.co\/sitio\/\">\n\t\t\t\t\t\t\t<img fetchpriority=\"high\" decoding=\"async\" width=\"895\" height=\"1093\" src=\"https:\/\/iejuliussieber.edu.co\/sitio\/wp-content\/uploads\/2018\/11\/cropped-cropped-ESCUDO-JULIUS-SIEBER-1-1.jpg\" class=\"attachment-full size-full wp-image-2265\" alt=\"\" srcset=\"https:\/\/iejuliussieber.edu.co\/sitio\/wp-content\/uploads\/2018\/11\/cropped-cropped-ESCUDO-JULIUS-SIEBER-1-1.jpg 895w, https:\/\/iejuliussieber.edu.co\/sitio\/wp-content\/uploads\/2018\/11\/cropped-cropped-ESCUDO-JULIUS-SIEBER-1-1-246x300.jpg 246w, https:\/\/iejuliussieber.edu.co\/sitio\/wp-content\/uploads\/2018\/11\/cropped-cropped-ESCUDO-JULIUS-SIEBER-1-1-838x1024.jpg 838w, https:\/\/iejuliussieber.edu.co\/sitio\/wp-content\/uploads\/2018\/11\/cropped-cropped-ESCUDO-JULIUS-SIEBER-1-1-768x938.jpg 768w\" sizes=\"(max-width: 895px) 100vw, 895px\" \/>\t\t\t\t\t\t\t\t<\/a>\n\t\t\t\t\t\t\t\t\t\t\t\t\t\t\t<\/div>\n\t\t\t\t<\/div>\n\t\t\t\t\t<\/div>\n\t\t<\/div>\n\t\t\t\t<div class=\"elementor-column elementor-col-33 elementor-top-column elementor-element elementor-element-9451340\" data-id=\"9451340\" data-element_type=\"column\" data-e-type=\"column\">\n\t\t\t<div class=\"elementor-widget-wrap\">\n\t\t\t\t\t\t\t<\/div>\n\t\t<\/div>\n\t\t\t\t\t<\/div>\n\t\t<\/section>\n\t\t\t\t<section class=\"elementor-section elementor-top-section elementor-element elementor-element-6255e950 elementor-section-boxed elementor-section-height-default elementor-section-height-default\" data-id=\"6255e950\" data-element_type=\"section\" data-e-type=\"section\" data-settings=\"{&quot;background_background&quot;:&quot;classic&quot;}\">\n\t\t\t\t\t\t<div class=\"elementor-container elementor-column-gap-default\">\n\t\t\t\t\t<div class=\"elementor-column elementor-col-100 elementor-top-column elementor-element elementor-element-6cd1fc14\" data-id=\"6cd1fc14\" data-element_type=\"column\" data-e-type=\"column\">\n\t\t\t<div class=\"elementor-widget-wrap elementor-element-populated\">\n\t\t\t\t\t\t<section class=\"elementor-section elementor-inner-section elementor-element elementor-element-1c95986 elementor-section-boxed elementor-section-height-default elementor-section-height-default\" data-id=\"1c95986\" data-element_type=\"section\" data-e-type=\"section\">\n\t\t\t\t\t\t<div class=\"elementor-container elementor-column-gap-default\">\n\t\t\t\t\t<div class=\"elementor-column elementor-col-100 elementor-inner-column elementor-element elementor-element-1ae98a37\" data-id=\"1ae98a37\" data-element_type=\"column\" data-e-type=\"column\">\n\t\t\t<div class=\"elementor-widget-wrap elementor-element-populated\">\n\t\t\t\t\t\t<div class=\"elementor-element elementor-element-3f20339 elementor-widget elementor-widget-heading\" data-id=\"3f20339\" data-element_type=\"widget\" data-e-type=\"widget\" data-widget_type=\"heading.default\">\n\t\t\t\t<div class=\"elementor-widget-container\">\n\t\t\t\t\t<h2 class=\"elementor-heading-title elementor-size-default\">HISTORIA<\/h2>\t\t\t\t<\/div>\n\t\t\t\t<\/div>\n\t\t\t\t\t<\/div>\n\t\t<\/div>\n\t\t\t\t\t<\/div>\n\t\t<\/section>\n\t\t\t\t\t<\/div>\n\t\t<\/div>\n\t\t\t\t\t<\/div>\n\t\t<\/section>\n\t\t\t\t<section class=\"elementor-section elementor-top-section elementor-element elementor-element-dc8478d elementor-section-boxed elementor-section-height-default elementor-section-height-default\" data-id=\"dc8478d\" data-element_type=\"section\" data-e-type=\"section\">\n\t\t\t\t\t\t<div class=\"elementor-container elementor-column-gap-default\">\n\t\t\t\t\t<div class=\"elementor-column elementor-col-100 elementor-top-column elementor-element elementor-element-aa0133c\" data-id=\"aa0133c\" data-element_type=\"column\" data-e-type=\"column\">\n\t\t\t<div class=\"elementor-widget-wrap\">\n\t\t\t\t\t\t\t<\/div>\n\t\t<\/div>\n\t\t\t\t\t<\/div>\n\t\t<\/section>\n\t\t\t\t<\/div>\n\t\t","protected":false},"excerpt":{"rendered":"<p>INICIO HISTORIA Esta instituci\u00f3n se fund\u00f3 con el nombre del Instituto universitario,y naci\u00f3 por la ilusi\u00f3n de la facultad de educaci\u00f3n de la facultad de educaci\u00f3n dela Universidad Pedag\u00f3gica y Tecnol\u00f3gica de Colombia, de crear un establecimiento que sirviera como centro para las pr\u00e1cticas de experimentaci\u00f3n docente, en las diferentes \u00e1reas. Se creo mediante un [&hellip;]<\/p>\n","protected":false},"author":1,"featured_media":0,"parent":0,"menu_order":0,"comment_status":"closed","ping_status":"closed","template":"","meta":{"inline_featured_image":false,"ocean_post_layout":"","ocean_both_sidebars_style":"","ocean_both_sidebars_content_width":0,"ocean_both_sidebars_sidebars_width":0,"ocean_sidebar":"","ocean_second_sidebar":"","ocean_disable_margins":"enable","ocean_add_body_class":"","ocean_shortcode_before_top_bar":"","ocean_shortcode_after_top_bar":"","ocean_shortcode_before_header":"","ocean_shortcode_after_header":"","ocean_has_shortcode":"","ocean_shortcode_after_title":"","ocean_shortcode_before_footer_widgets":"","ocean_shortcode_after_footer_widgets":"","ocean_shortcode_before_footer_bottom":"","ocean_shortcode_after_footer_bottom":"","ocean_display_top_bar":"default","ocean_display_header":"default","ocean_header_style":"","ocean_center_header_left_menu":"","ocean_custom_header_template":"","ocean_custom_logo":0,"ocean_custom_retina_logo":0,"ocean_custom_logo_max_width":0,"ocean_custom_logo_tablet_max_width":0,"ocean_custom_logo_mobile_max_width":0,"ocean_custom_logo_max_height":0,"ocean_custom_logo_tablet_max_height":0,"ocean_custom_logo_mobile_max_height":0,"ocean_header_custom_menu":"","ocean_menu_typo_font_family":"","ocean_menu_typo_font_subset":"","ocean_menu_typo_font_size":0,"ocean_menu_typo_font_size_tablet":0,"ocean_menu_typo_font_size_mobile":0,"ocean_menu_typo_font_size_unit":"px","ocean_menu_typo_font_weight":"","ocean_menu_typo_font_weight_tablet":"","ocean_menu_typo_font_weight_mobile":"","ocean_menu_typo_transform":"","ocean_menu_typo_transform_tablet":"","ocean_menu_typo_transform_mobile":"","ocean_menu_typo_line_height":0,"ocean_menu_typo_line_height_tablet":0,"ocean_menu_typo_line_height_mobile":0,"ocean_menu_typo_line_height_unit":"","ocean_menu_typo_spacing":0,"ocean_menu_typo_spacing_tablet":0,"ocean_menu_typo_spacing_mobile":0,"ocean_menu_typo_spacing_unit":"","ocean_menu_link_color":"","ocean_menu_link_color_hover":"","ocean_menu_link_color_active":"","ocean_menu_link_background":"","ocean_menu_link_hover_background":"","ocean_menu_link_active_background":"","ocean_menu_social_links_bg":"","ocean_menu_social_hover_links_bg":"","ocean_menu_social_links_color":"","ocean_menu_social_hover_links_color":"","ocean_disable_title":"default","ocean_disable_heading":"default","ocean_post_title":"","ocean_post_subheading":"","ocean_post_title_style":"","ocean_post_title_background_color":"","ocean_post_title_background":0,"ocean_post_title_bg_image_position":"","ocean_post_title_bg_image_attachment":"","ocean_post_title_bg_image_repeat":"","ocean_post_title_bg_image_size":"","ocean_post_title_height":0,"ocean_post_title_bg_overlay":0.5,"ocean_post_title_bg_overlay_color":"","ocean_disable_breadcrumbs":"default","ocean_breadcrumbs_color":"","ocean_breadcrumbs_separator_color":"","ocean_breadcrumbs_links_color":"","ocean_breadcrumbs_links_hover_color":"","ocean_display_footer_widgets":"default","ocean_display_footer_bottom":"default","ocean_custom_footer_template":"","footnotes":""},"class_list":["post-115","page","type-page","status-publish","hentry","entry"],"yoast_head":"<!-- This site is optimized with the Yoast SEO Premium plugin v26.3 (Yoast SEO v27.1.1) - https:\/\/yoast.com\/product\/yoast-seo-premium-wordpress\/ -->\n<title>HISTORIA - Instituci\u00f3n Educativa Julius Sieber<\/title>\n<meta name=\"robots\" content=\"index, follow, max-snippet:-1, max-image-preview:large, max-video-preview:-1\" \/>\n<link rel=\"canonical\" href=\"https:\/\/iejuliussieber.edu.co\/sitio\/historia\/\" \/>\n<meta property=\"og:locale\" content=\"es_ES\" \/>\n<meta property=\"og:type\" content=\"article\" \/>\n<meta property=\"og:title\" content=\"HISTORIA\" \/>\n<meta property=\"og:description\" content=\"INICIO HISTORIA Esta instituci\u00f3n se fund\u00f3 con el nombre del Instituto universitario,y naci\u00f3 por la ilusi\u00f3n de la facultad de educaci\u00f3n de la facultad de educaci\u00f3n dela Universidad Pedag\u00f3gica y Tecnol\u00f3gica de Colombia, de crear un establecimiento que sirviera como centro para las pr\u00e1cticas de experimentaci\u00f3n docente, en las diferentes \u00e1reas. Se creo mediante un [&hellip;]\" \/>\n<meta property=\"og:url\" content=\"https:\/\/iejuliussieber.edu.co\/sitio\/historia\/\" \/>\n<meta property=\"og:site_name\" content=\"Instituci\u00f3n Educativa Julius Sieber\" \/>\n<meta property=\"article:modified_time\" content=\"2023-06-08T03:27:45+00:00\" \/>\n<meta property=\"og:image\" content=\"https:\/\/iejuliussieber.edu.co\/sitio\/wp-content\/uploads\/2018\/11\/cropped-cropped-ESCUDO-JULIUS-SIEBER-1-1.jpg\" \/>\n<meta name=\"twitter:card\" content=\"summary_large_image\" \/>\n<meta name=\"twitter:label1\" content=\"Tiempo de lectura\" \/>\n\t<meta name=\"twitter:data1\" content=\"2 minutos\" \/>\n<script type=\"application\/ld+json\" class=\"yoast-schema-graph\">{\"@context\":\"https:\/\/schema.org\",\"@graph\":[{\"@type\":\"WebPage\",\"@id\":\"https:\/\/iejuliussieber.edu.co\/sitio\/historia\/\",\"url\":\"https:\/\/iejuliussieber.edu.co\/sitio\/historia\/\",\"name\":\"HISTORIA - Instituci\u00f3n Educativa Julius Sieber\",\"isPartOf\":{\"@id\":\"https:\/\/iejuliussieber.edu.co\/sitio\/#website\"},\"primaryImageOfPage\":{\"@id\":\"https:\/\/iejuliussieber.edu.co\/sitio\/historia\/#primaryimage\"},\"image\":{\"@id\":\"https:\/\/iejuliussieber.edu.co\/sitio\/historia\/#primaryimage\"},\"thumbnailUrl\":\"https:\/\/iejuliussieber.edu.co\/sitio\/wp-content\/uploads\/2018\/11\/cropped-cropped-ESCUDO-JULIUS-SIEBER-1-1.jpg\",\"datePublished\":\"2018-11-13T04:18:53+00:00\",\"dateModified\":\"2023-06-08T03:27:45+00:00\",\"breadcrumb\":{\"@id\":\"https:\/\/iejuliussieber.edu.co\/sitio\/historia\/#breadcrumb\"},\"inLanguage\":\"es\",\"potentialAction\":[{\"@type\":\"ReadAction\",\"target\":[\"https:\/\/iejuliussieber.edu.co\/sitio\/historia\/\"]}]},{\"@type\":\"ImageObject\",\"inLanguage\":\"es\",\"@id\":\"https:\/\/iejuliussieber.edu.co\/sitio\/historia\/#primaryimage\",\"url\":\"https:\/\/iejuliussieber.edu.co\/sitio\/wp-content\/uploads\/2018\/11\/cropped-cropped-ESCUDO-JULIUS-SIEBER-1-1.jpg\",\"contentUrl\":\"https:\/\/iejuliussieber.edu.co\/sitio\/wp-content\/uploads\/2018\/11\/cropped-cropped-ESCUDO-JULIUS-SIEBER-1-1.jpg\",\"width\":895,\"height\":1093},{\"@type\":\"BreadcrumbList\",\"@id\":\"https:\/\/iejuliussieber.edu.co\/sitio\/historia\/#breadcrumb\",\"itemListElement\":[{\"@type\":\"ListItem\",\"position\":1,\"name\":\"Portada\",\"item\":\"https:\/\/iejuliussieber.edu.co\/sitio\/\"},{\"@type\":\"ListItem\",\"position\":2,\"name\":\"HISTORIA\"}]},{\"@type\":\"WebSite\",\"@id\":\"https:\/\/iejuliussieber.edu.co\/sitio\/#website\",\"url\":\"https:\/\/iejuliussieber.edu.co\/sitio\/\",\"name\":\"Instituci\u00f3n Educativa Julius Sieber\",\"description\":\"\",\"publisher\":{\"@id\":\"https:\/\/iejuliussieber.edu.co\/sitio\/#organization\"},\"potentialAction\":[{\"@type\":\"SearchAction\",\"target\":{\"@type\":\"EntryPoint\",\"urlTemplate\":\"https:\/\/iejuliussieber.edu.co\/sitio\/?s={search_term_string}\"},\"query-input\":{\"@type\":\"PropertyValueSpecification\",\"valueRequired\":true,\"valueName\":\"search_term_string\"}}],\"inLanguage\":\"es\"},{\"@type\":\"Organization\",\"@id\":\"https:\/\/iejuliussieber.edu.co\/sitio\/#organization\",\"name\":\"Instituci\u00f3n Educativa Julius Sieber\",\"url\":\"https:\/\/iejuliussieber.edu.co\/sitio\/\",\"logo\":{\"@type\":\"ImageObject\",\"inLanguage\":\"es\",\"@id\":\"https:\/\/iejuliussieber.edu.co\/sitio\/#\/schema\/logo\/image\/\",\"url\":\"https:\/\/iejuliussieber.edu.co\/sitio\/wp-content\/uploads\/2018\/11\/cropped-cropped-ESCUDO-JULIUS-SIEBER-1-1.jpg\",\"contentUrl\":\"https:\/\/iejuliussieber.edu.co\/sitio\/wp-content\/uploads\/2018\/11\/cropped-cropped-ESCUDO-JULIUS-SIEBER-1-1.jpg\",\"width\":895,\"height\":1093,\"caption\":\"Instituci\u00f3n Educativa Julius Sieber\"},\"image\":{\"@id\":\"https:\/\/iejuliussieber.edu.co\/sitio\/#\/schema\/logo\/image\/\"}}]}<\/script>\n<!-- \/ Yoast SEO Premium plugin. -->","yoast_head_json":{"title":"HISTORIA - Instituci\u00f3n Educativa Julius Sieber","robots":{"index":"index","follow":"follow","max-snippet":"max-snippet:-1","max-image-preview":"max-image-preview:large","max-video-preview":"max-video-preview:-1"},"canonical":"https:\/\/iejuliussieber.edu.co\/sitio\/historia\/","og_locale":"es_ES","og_type":"article","og_title":"HISTORIA","og_description":"INICIO HISTORIA Esta instituci\u00f3n se fund\u00f3 con el nombre del Instituto universitario,y naci\u00f3 por la ilusi\u00f3n de la facultad de educaci\u00f3n de la facultad de educaci\u00f3n dela Universidad Pedag\u00f3gica y Tecnol\u00f3gica de Colombia, de crear un establecimiento que sirviera como centro para las pr\u00e1cticas de experimentaci\u00f3n docente, en las diferentes \u00e1reas. Se creo mediante un [&hellip;]","og_url":"https:\/\/iejuliussieber.edu.co\/sitio\/historia\/","og_site_name":"Instituci\u00f3n Educativa Julius Sieber","article_modified_time":"2023-06-08T03:27:45+00:00","og_image":[{"url":"https:\/\/iejuliussieber.edu.co\/sitio\/wp-content\/uploads\/2018\/11\/cropped-cropped-ESCUDO-JULIUS-SIEBER-1-1.jpg","type":"","width":"","height":""}],"twitter_card":"summary_large_image","twitter_misc":{"Tiempo de lectura":"2 minutos"},"schema":{"@context":"https:\/\/schema.org","@graph":[{"@type":"WebPage","@id":"https:\/\/iejuliussieber.edu.co\/sitio\/historia\/","url":"https:\/\/iejuliussieber.edu.co\/sitio\/historia\/","name":"HISTORIA - Instituci\u00f3n Educativa Julius Sieber","isPartOf":{"@id":"https:\/\/iejuliussieber.edu.co\/sitio\/#website"},"primaryImageOfPage":{"@id":"https:\/\/iejuliussieber.edu.co\/sitio\/historia\/#primaryimage"},"image":{"@id":"https:\/\/iejuliussieber.edu.co\/sitio\/historia\/#primaryimage"},"thumbnailUrl":"https:\/\/iejuliussieber.edu.co\/sitio\/wp-content\/uploads\/2018\/11\/cropped-cropped-ESCUDO-JULIUS-SIEBER-1-1.jpg","datePublished":"2018-11-13T04:18:53+00:00","dateModified":"2023-06-08T03:27:45+00:00","breadcrumb":{"@id":"https:\/\/iejuliussieber.edu.co\/sitio\/historia\/#breadcrumb"},"inLanguage":"es","potentialAction":[{"@type":"ReadAction","target":["https:\/\/iejuliussieber.edu.co\/sitio\/historia\/"]}]},{"@type":"ImageObject","inLanguage":"es","@id":"https:\/\/iejuliussieber.edu.co\/sitio\/historia\/#primaryimage","url":"https:\/\/iejuliussieber.edu.co\/sitio\/wp-content\/uploads\/2018\/11\/cropped-cropped-ESCUDO-JULIUS-SIEBER-1-1.jpg","contentUrl":"https:\/\/iejuliussieber.edu.co\/sitio\/wp-content\/uploads\/2018\/11\/cropped-cropped-ESCUDO-JULIUS-SIEBER-1-1.jpg","width":895,"height":1093},{"@type":"BreadcrumbList","@id":"https:\/\/iejuliussieber.edu.co\/sitio\/historia\/#breadcrumb","itemListElement":[{"@type":"ListItem","position":1,"name":"Portada","item":"https:\/\/iejuliussieber.edu.co\/sitio\/"},{"@type":"ListItem","position":2,"name":"HISTORIA"}]},{"@type":"WebSite","@id":"https:\/\/iejuliussieber.edu.co\/sitio\/#website","url":"https:\/\/iejuliussieber.edu.co\/sitio\/","name":"Instituci\u00f3n Educativa Julius Sieber","description":"","publisher":{"@id":"https:\/\/iejuliussieber.edu.co\/sitio\/#organization"},"potentialAction":[{"@type":"SearchAction","target":{"@type":"EntryPoint","urlTemplate":"https:\/\/iejuliussieber.edu.co\/sitio\/?s={search_term_string}"},"query-input":{"@type":"PropertyValueSpecification","valueRequired":true,"valueName":"search_term_string"}}],"inLanguage":"es"},{"@type":"Organization","@id":"https:\/\/iejuliussieber.edu.co\/sitio\/#organization","name":"Instituci\u00f3n Educativa Julius Sieber","url":"https:\/\/iejuliussieber.edu.co\/sitio\/","logo":{"@type":"ImageObject","inLanguage":"es","@id":"https:\/\/iejuliussieber.edu.co\/sitio\/#\/schema\/logo\/image\/","url":"https:\/\/iejuliussieber.edu.co\/sitio\/wp-content\/uploads\/2018\/11\/cropped-cropped-ESCUDO-JULIUS-SIEBER-1-1.jpg","contentUrl":"https:\/\/iejuliussieber.edu.co\/sitio\/wp-content\/uploads\/2018\/11\/cropped-cropped-ESCUDO-JULIUS-SIEBER-1-1.jpg","width":895,"height":1093,"caption":"Instituci\u00f3n Educativa Julius Sieber"},"image":{"@id":"https:\/\/iejuliussieber.edu.co\/sitio\/#\/schema\/logo\/image\/"}}]}},"_links":{"self":[{"href":"https:\/\/iejuliussieber.edu.co\/sitio\/wp-json\/wp\/v2\/pages\/115","targetHints":{"allow":["GET"]}}],"collection":[{"href":"https:\/\/iejuliussieber.edu.co\/sitio\/wp-json\/wp\/v2\/pages"}],"about":[{"href":"https:\/\/iejuliussieber.edu.co\/sitio\/wp-json\/wp\/v2\/types\/page"}],"author":[{"embeddable":true,"href":"https:\/\/iejuliussieber.edu.co\/sitio\/wp-json\/wp\/v2\/users\/1"}],"replies":[{"embeddable":true,"href":"https:\/\/iejuliussieber.edu.co\/sitio\/wp-json\/wp\/v2\/comments?post=115"}],"version-history":[{"count":0,"href":"https:\/\/iejuliussieber.edu.co\/sitio\/wp-json\/wp\/v2\/pages\/115\/revisions"}],"wp:attachment":[{"href":"https:\/\/iejuliussieber.edu.co\/sitio\/wp-json\/wp\/v2\/media?parent=115"}],"curies":[{"name":"wp","href":"https:\/\/api.w.org\/{rel}","templated":true}]}}