{"id":1485,"date":"2020-04-25T01:13:00","date_gmt":"2020-04-25T01:13:00","guid":{"rendered":"https:\/\/iejuliussieber.edu.co\/sitio\/?page_id=1485"},"modified":"2025-11-22T18:21:38","modified_gmt":"2025-11-22T23:21:38","slug":"acceda-a-google-g-suite-for-education","status":"publish","type":"page","link":"https:\/\/iejuliussieber.edu.co\/sitio\/acceda-a-google-g-suite-for-education\/","title":{"rendered":"ACCEDA A GOOGLE G SUITE FOR EDUCATION"},"content":{"rendered":"\t\t<div data-elementor-type=\"wp-page\" data-elementor-id=\"1485\" class=\"elementor elementor-1485\" data-elementor-post-type=\"page\">\n\t\t\t\t\t\t<section class=\"elementor-section elementor-top-section elementor-element elementor-element-26f4229 elementor-section-boxed elementor-section-height-default elementor-section-height-default\" data-id=\"26f4229\" data-element_type=\"section\" data-e-type=\"section\">\n\t\t\t\t\t\t<div class=\"elementor-container elementor-column-gap-default\">\n\t\t\t\t\t<div class=\"elementor-column elementor-col-33 elementor-top-column elementor-element elementor-element-d699b9b\" data-id=\"d699b9b\" data-element_type=\"column\" data-e-type=\"column\">\n\t\t\t<div class=\"elementor-widget-wrap elementor-element-populated\">\n\t\t\t\t\t\t<div class=\"elementor-element elementor-element-02f003e elementor-align-center elementor-widget elementor-widget-button\" data-id=\"02f003e\" data-element_type=\"widget\" data-e-type=\"widget\" data-settings=\"{&quot;motion_fx_motion_fx_mouse&quot;:&quot;yes&quot;,&quot;motion_fx_mouseTrack_effect&quot;:&quot;yes&quot;,&quot;motion_fx_mouseTrack_speed&quot;:{&quot;unit&quot;:&quot;px&quot;,&quot;size&quot;:0.1,&quot;sizes&quot;:[]}}\" data-widget_type=\"button.default\">\n\t\t\t\t<div class=\"elementor-widget-container\">\n\t\t\t\t\t\t\t\t\t<div class=\"elementor-button-wrapper\">\n\t\t\t\t\t<a class=\"elementor-button elementor-button-link elementor-size-sm\" href=\"https:\/\/iejuliussieber.edu.co\/sitio\/\">\n\t\t\t\t\t\t<span class=\"elementor-button-content-wrapper\">\n\t\t\t\t\t\t<span class=\"elementor-button-icon\">\n\t\t\t\t<i aria-hidden=\"true\" class=\"fas fa-home\"><\/i>\t\t\t<\/span>\n\t\t\t\t\t\t\t\t\t<span class=\"elementor-button-text\">INICIO<\/span>\n\t\t\t\t\t<\/span>\n\t\t\t\t\t<\/a>\n\t\t\t\t<\/div>\n\t\t\t\t\t\t\t\t<\/div>\n\t\t\t\t<\/div>\n\t\t\t\t\t<\/div>\n\t\t<\/div>\n\t\t\t\t<div class=\"elementor-column elementor-col-33 elementor-top-column elementor-element elementor-element-545a150\" data-id=\"545a150\" data-element_type=\"column\" data-e-type=\"column\">\n\t\t\t<div class=\"elementor-widget-wrap elementor-element-populated\">\n\t\t\t\t\t\t<div class=\"elementor-element elementor-element-aab033f elementor-widget__width-initial elementor-widget elementor-widget-image\" data-id=\"aab033f\" data-element_type=\"widget\" data-e-type=\"widget\" data-widget_type=\"image.default\">\n\t\t\t\t<div class=\"elementor-widget-container\">\n\t\t\t\t\t\t\t\t\t\t\t\t\t\t\t\t<a href=\"https:\/\/iejuliussieber.edu.co\/sitio\/\">\n\t\t\t\t\t\t\t<img fetchpriority=\"high\" decoding=\"async\" width=\"895\" height=\"1093\" src=\"https:\/\/iejuliussieber.edu.co\/sitio\/wp-content\/uploads\/2018\/11\/cropped-cropped-ESCUDO-JULIUS-SIEBER-1-1.jpg\" class=\"attachment-full size-full wp-image-2265\" alt=\"\" srcset=\"https:\/\/iejuliussieber.edu.co\/sitio\/wp-content\/uploads\/2018\/11\/cropped-cropped-ESCUDO-JULIUS-SIEBER-1-1.jpg 895w, https:\/\/iejuliussieber.edu.co\/sitio\/wp-content\/uploads\/2018\/11\/cropped-cropped-ESCUDO-JULIUS-SIEBER-1-1-246x300.jpg 246w, https:\/\/iejuliussieber.edu.co\/sitio\/wp-content\/uploads\/2018\/11\/cropped-cropped-ESCUDO-JULIUS-SIEBER-1-1-838x1024.jpg 838w, https:\/\/iejuliussieber.edu.co\/sitio\/wp-content\/uploads\/2018\/11\/cropped-cropped-ESCUDO-JULIUS-SIEBER-1-1-768x938.jpg 768w\" sizes=\"(max-width: 895px) 100vw, 895px\" \/>\t\t\t\t\t\t\t\t<\/a>\n\t\t\t\t\t\t\t\t\t\t\t\t\t\t\t<\/div>\n\t\t\t\t<\/div>\n\t\t\t\t\t<\/div>\n\t\t<\/div>\n\t\t\t\t<div class=\"elementor-column elementor-col-33 elementor-top-column elementor-element elementor-element-7403fd1\" data-id=\"7403fd1\" data-element_type=\"column\" data-e-type=\"column\">\n\t\t\t<div class=\"elementor-widget-wrap\">\n\t\t\t\t\t\t\t<\/div>\n\t\t<\/div>\n\t\t\t\t\t<\/div>\n\t\t<\/section>\n\t\t<div class=\"elementor-element elementor-element-2cfdae7 e-flex e-con-boxed elementor-invisible e-con e-parent\" data-id=\"2cfdae7\" data-element_type=\"container\" data-e-type=\"container\" data-settings=\"{&quot;animation&quot;:&quot;fadeIn&quot;}\">\n\t\t\t\t\t<div class=\"e-con-inner\">\n\t\t\t\t<div class=\"elementor-element elementor-element-cd71b07 elementor-widget elementor-widget-heading\" data-id=\"cd71b07\" data-element_type=\"widget\" data-e-type=\"widget\" data-widget_type=\"heading.default\">\n\t\t\t\t<div class=\"elementor-widget-container\">\n\t\t\t\t\t<h2 class=\"elementor-heading-title elementor-size-default\">ACCEDA A GOOGLE G SUITE FOR EDUCATION<\/h2>\t\t\t\t<\/div>\n\t\t\t\t<\/div>\n\t\t\t\t\t<\/div>\n\t\t\t\t<\/div>\n\t\t\t\t<section class=\"elementor-section elementor-top-section elementor-element elementor-element-434b818 elementor-section-boxed elementor-section-height-default elementor-section-height-default\" data-id=\"434b818\" data-element_type=\"section\" data-e-type=\"section\">\n\t\t\t\t\t\t<div class=\"elementor-container elementor-column-gap-default\">\n\t\t\t\t\t<div class=\"elementor-column elementor-col-33 elementor-top-column elementor-element elementor-element-b5db32f\" data-id=\"b5db32f\" data-element_type=\"column\" data-e-type=\"column\">\n\t\t\t<div class=\"elementor-widget-wrap\">\n\t\t\t\t\t\t\t<\/div>\n\t\t<\/div>\n\t\t\t\t<div class=\"elementor-column elementor-col-33 elementor-top-column elementor-element elementor-element-cac3d27\" data-id=\"cac3d27\" data-element_type=\"column\" data-e-type=\"column\">\n\t\t\t<div class=\"elementor-widget-wrap elementor-element-populated\">\n\t\t\t\t\t\t<div class=\"elementor-element elementor-element-2512dab elementor-widget elementor-widget-image\" data-id=\"2512dab\" data-element_type=\"widget\" data-e-type=\"widget\" data-widget_type=\"image.default\">\n\t\t\t\t<div class=\"elementor-widget-container\">\n\t\t\t\t\t\t\t\t\t\t\t\t\t\t\t<img decoding=\"async\" width=\"1583\" height=\"765\" src=\"https:\/\/iejuliussieber.edu.co\/sitio\/wp-content\/uploads\/2020\/04\/ense\u00f1a-en-casa.jpg\" class=\"attachment-full size-full wp-image-1484\" alt=\"\" srcset=\"https:\/\/iejuliussieber.edu.co\/sitio\/wp-content\/uploads\/2020\/04\/ense\u00f1a-en-casa.jpg 1583w, https:\/\/iejuliussieber.edu.co\/sitio\/wp-content\/uploads\/2020\/04\/ense\u00f1a-en-casa-300x145.jpg 300w, https:\/\/iejuliussieber.edu.co\/sitio\/wp-content\/uploads\/2020\/04\/ense\u00f1a-en-casa-1024x495.jpg 1024w, https:\/\/iejuliussieber.edu.co\/sitio\/wp-content\/uploads\/2020\/04\/ense\u00f1a-en-casa-768x371.jpg 768w, https:\/\/iejuliussieber.edu.co\/sitio\/wp-content\/uploads\/2020\/04\/ense\u00f1a-en-casa-1536x742.jpg 1536w\" sizes=\"(max-width: 1583px) 100vw, 1583px\" \/>\t\t\t\t\t\t\t\t\t\t\t\t\t\t\t<\/div>\n\t\t\t\t<\/div>\n\t\t\t\t\t<\/div>\n\t\t<\/div>\n\t\t\t\t<div class=\"elementor-column elementor-col-33 elementor-top-column elementor-element elementor-element-883e70c\" data-id=\"883e70c\" data-element_type=\"column\" data-e-type=\"column\">\n\t\t\t<div class=\"elementor-widget-wrap\">\n\t\t\t\t\t\t\t<\/div>\n\t\t<\/div>\n\t\t\t\t\t<\/div>\n\t\t<\/section>\n\t\t\t\t<section class=\"elementor-section elementor-top-section elementor-element elementor-element-c7d0101 elementor-section-boxed elementor-section-height-default elementor-section-height-default\" data-id=\"c7d0101\" data-element_type=\"section\" data-e-type=\"section\">\n\t\t\t\t\t\t<div class=\"elementor-container elementor-column-gap-default\">\n\t\t\t\t\t<div class=\"elementor-column elementor-col-100 elementor-top-column elementor-element elementor-element-b92dfc5\" data-id=\"b92dfc5\" data-element_type=\"column\" data-e-type=\"column\">\n\t\t\t<div class=\"elementor-widget-wrap elementor-element-populated\">\n\t\t\t\t\t\t<div class=\"elementor-element elementor-element-f0e5455 elementor-widget elementor-widget-text-editor\" data-id=\"f0e5455\" data-element_type=\"widget\" data-e-type=\"widget\" data-widget_type=\"text-editor.default\">\n\t\t\t\t<div class=\"elementor-widget-container\">\n\t\t\t\t\t\t\t\t\t<p><span style=\"font-size: 14pt;\"><span style=\"color: #000000;\">Tendremos acceso por medio del correo institucional del dominio @iejuliussieber.edu.co, cuya estructura tanto para docentes y alumnos es:<\/span> <span style=\"color: #3366ff;\">apellidosynombres @iejuliussieber.edu.co<\/span> <span style=\"color: #000000;\">sin espacios<\/span><span style=\"color: #d95252;\"> ejemplo: carvajalpinillacesarfrancisco@iejuliussieber.edu.co<\/span> ,<span style=\"color: #000000;\"><strong> (tener en cuenta que si su nombre o apellido tiene una \u00f1 debe remplazarla por una n, no debe utilizar tildes y la contrase\u00f1a es el numero de documento)<\/strong> por el cual permite el acceso a m\u00faltiples herramientas como la plataforma virtual de classroom, herramienta que google ofrece a las instituciones educativas. en el correo institucional el estudiante recibir\u00e1 diversas notificaciones tanto de docentes como directivos, actividades a realizar virtualmente, pueden recibir c\u00f3digos e instrucciones de acceso a la plataforma del classroom y a otras herramientas tecnol\u00f3gicas cuando el docente requiera, adem\u00e1s de todas las funcionalidades que un correo electr\u00f3nico le ofrece.<\/span><\/span><\/p><p><span style=\"font-size: 12pt;\"><strong><span style=\"color: #000000;\">NOTA:<\/span><\/strong><\/span><span style=\"color: #000000; font-size: 14pt;\"> Si para acceder tiene inconvenientes por favor escribir un correo a <strong>registroycontrol@iejuliussieber.edu.co<\/strong><\/span><\/p>\t\t\t\t\t\t\t\t<\/div>\n\t\t\t\t<\/div>\n\t\t\t\t\t<\/div>\n\t\t<\/div>\n\t\t\t\t\t<\/div>\n\t\t<\/section>\n\t\t\t\t<\/div>\n\t\t","protected":false},"excerpt":{"rendered":"<p>INICIO Tendremos acceso por medio del correo institucional del dominio @iejuliussieber.edu.co, cuya estructura tanto para docentes y alumnos es: apellidosynombres @iejuliussieber.edu.co sin espacios ejemplo: carvajalpinillacesarfrancisco@iejuliussieber.edu.co , (tener en cuenta que si su nombre o apellido tiene una \u00f1 debe remplazarla por una n, no debe utilizar tildes y la contrase\u00f1a es el numero de documento) [&hellip;]<\/p>\n","protected":false},"author":1,"featured_media":0,"parent":0,"menu_order":0,"comment_status":"closed","ping_status":"closed","template":"elementor_header_footer","meta":{"inline_featured_image":false,"ocean_post_layout":"","ocean_both_sidebars_style":"","ocean_both_sidebars_content_width":0,"ocean_both_sidebars_sidebars_width":0,"ocean_sidebar":"","ocean_second_sidebar":"","ocean_disable_margins":"enable","ocean_add_body_class":"","ocean_shortcode_before_top_bar":"","ocean_shortcode_after_top_bar":"","ocean_shortcode_before_header":"","ocean_shortcode_after_header":"","ocean_has_shortcode":"","ocean_shortcode_after_title":"","ocean_shortcode_before_footer_widgets":"","ocean_shortcode_after_footer_widgets":"","ocean_shortcode_before_footer_bottom":"","ocean_shortcode_after_footer_bottom":"","ocean_display_top_bar":"default","ocean_display_header":"default","ocean_header_style":"","ocean_center_header_left_menu":"","ocean_custom_header_template":"","ocean_custom_logo":0,"ocean_custom_retina_logo":0,"ocean_custom_logo_max_width":0,"ocean_custom_logo_tablet_max_width":0,"ocean_custom_logo_mobile_max_width":0,"ocean_custom_logo_max_height":0,"ocean_custom_logo_tablet_max_height":0,"ocean_custom_logo_mobile_max_height":0,"ocean_header_custom_menu":"","ocean_menu_typo_font_family":"","ocean_menu_typo_font_subset":"","ocean_menu_typo_font_size":0,"ocean_menu_typo_font_size_tablet":0,"ocean_menu_typo_font_size_mobile":0,"ocean_menu_typo_font_size_unit":"px","ocean_menu_typo_font_weight":"","ocean_menu_typo_font_weight_tablet":"","ocean_menu_typo_font_weight_mobile":"","ocean_menu_typo_transform":"","ocean_menu_typo_transform_tablet":"","ocean_menu_typo_transform_mobile":"","ocean_menu_typo_line_height":0,"ocean_menu_typo_line_height_tablet":0,"ocean_menu_typo_line_height_mobile":0,"ocean_menu_typo_line_height_unit":"","ocean_menu_typo_spacing":0,"ocean_menu_typo_spacing_tablet":0,"ocean_menu_typo_spacing_mobile":0,"ocean_menu_typo_spacing_unit":"","ocean_menu_link_color":"","ocean_menu_link_color_hover":"","ocean_menu_link_color_active":"","ocean_menu_link_background":"","ocean_menu_link_hover_background":"","ocean_menu_link_active_background":"","ocean_menu_social_links_bg":"","ocean_menu_social_hover_links_bg":"","ocean_menu_social_links_color":"","ocean_menu_social_hover_links_color":"","ocean_disable_title":"default","ocean_disable_heading":"default","ocean_post_title":"","ocean_post_subheading":"","ocean_post_title_style":"","ocean_post_title_background_color":"","ocean_post_title_background":0,"ocean_post_title_bg_image_position":"","ocean_post_title_bg_image_attachment":"","ocean_post_title_bg_image_repeat":"","ocean_post_title_bg_image_size":"","ocean_post_title_height":0,"ocean_post_title_bg_overlay":0.5,"ocean_post_title_bg_overlay_color":"","ocean_disable_breadcrumbs":"default","ocean_breadcrumbs_color":"","ocean_breadcrumbs_separator_color":"","ocean_breadcrumbs_links_color":"","ocean_breadcrumbs_links_hover_color":"","ocean_display_footer_widgets":"default","ocean_display_footer_bottom":"default","ocean_custom_footer_template":"","footnotes":""},"class_list":["post-1485","page","type-page","status-publish","hentry","entry"],"yoast_head":"<!-- This site is optimized with the Yoast SEO Premium plugin v26.3 (Yoast SEO v27.1.1) - https:\/\/yoast.com\/product\/yoast-seo-premium-wordpress\/ -->\n<title>ACCEDA A GOOGLE G SUITE FOR EDUCATION - Instituci\u00f3n Educativa Julius Sieber<\/title>\n<meta name=\"robots\" content=\"index, follow, max-snippet:-1, max-image-preview:large, max-video-preview:-1\" \/>\n<link rel=\"canonical\" href=\"https:\/\/iejuliussieber.edu.co\/sitio\/acceda-a-google-g-suite-for-education\/\" \/>\n<meta property=\"og:locale\" content=\"es_ES\" \/>\n<meta property=\"og:type\" content=\"article\" \/>\n<meta property=\"og:title\" content=\"ACCEDA A GOOGLE G SUITE FOR EDUCATION\" \/>\n<meta property=\"og:description\" content=\"INICIO Tendremos acceso por medio del correo institucional del dominio @iejuliussieber.edu.co, cuya estructura tanto para docentes y alumnos es: apellidosynombres @iejuliussieber.edu.co sin espacios ejemplo: carvajalpinillacesarfrancisco@iejuliussieber.edu.co , (tener en cuenta que si su nombre o apellido tiene una \u00f1 debe remplazarla por una n, no debe utilizar tildes y la contrase\u00f1a es el numero de documento) [&hellip;]\" \/>\n<meta property=\"og:url\" content=\"https:\/\/iejuliussieber.edu.co\/sitio\/acceda-a-google-g-suite-for-education\/\" \/>\n<meta property=\"og:site_name\" content=\"Instituci\u00f3n Educativa Julius Sieber\" \/>\n<meta property=\"article:modified_time\" content=\"2025-11-22T23:21:38+00:00\" \/>\n<meta property=\"og:image\" content=\"https:\/\/iejuliussieber.edu.co\/sitio\/wp-content\/uploads\/2018\/11\/cropped-cropped-ESCUDO-JULIUS-SIEBER-1-1.jpg\" \/>\n\t<meta property=\"og:image:width\" content=\"895\" \/>\n\t<meta property=\"og:image:height\" content=\"1093\" \/>\n\t<meta property=\"og:image:type\" content=\"image\/jpeg\" \/>\n<meta name=\"twitter:card\" content=\"summary_large_image\" \/>\n<meta name=\"twitter:label1\" content=\"Tiempo de lectura\" \/>\n\t<meta name=\"twitter:data1\" content=\"2 minutos\" \/>\n<script type=\"application\/ld+json\" class=\"yoast-schema-graph\">{\"@context\":\"https:\/\/schema.org\",\"@graph\":[{\"@type\":\"WebPage\",\"@id\":\"https:\/\/iejuliussieber.edu.co\/sitio\/acceda-a-google-g-suite-for-education\/\",\"url\":\"https:\/\/iejuliussieber.edu.co\/sitio\/acceda-a-google-g-suite-for-education\/\",\"name\":\"ACCEDA A GOOGLE G SUITE FOR EDUCATION - Instituci\u00f3n Educativa Julius Sieber\",\"isPartOf\":{\"@id\":\"https:\/\/iejuliussieber.edu.co\/sitio\/#website\"},\"primaryImageOfPage\":{\"@id\":\"https:\/\/iejuliussieber.edu.co\/sitio\/acceda-a-google-g-suite-for-education\/#primaryimage\"},\"image\":{\"@id\":\"https:\/\/iejuliussieber.edu.co\/sitio\/acceda-a-google-g-suite-for-education\/#primaryimage\"},\"thumbnailUrl\":\"https:\/\/iejuliussieber.edu.co\/sitio\/wp-content\/uploads\/2018\/11\/cropped-cropped-ESCUDO-JULIUS-SIEBER-1-1.jpg\",\"datePublished\":\"2020-04-25T01:13:00+00:00\",\"dateModified\":\"2025-11-22T23:21:38+00:00\",\"breadcrumb\":{\"@id\":\"https:\/\/iejuliussieber.edu.co\/sitio\/acceda-a-google-g-suite-for-education\/#breadcrumb\"},\"inLanguage\":\"es\",\"potentialAction\":[{\"@type\":\"ReadAction\",\"target\":[\"https:\/\/iejuliussieber.edu.co\/sitio\/acceda-a-google-g-suite-for-education\/\"]}]},{\"@type\":\"ImageObject\",\"inLanguage\":\"es\",\"@id\":\"https:\/\/iejuliussieber.edu.co\/sitio\/acceda-a-google-g-suite-for-education\/#primaryimage\",\"url\":\"https:\/\/iejuliussieber.edu.co\/sitio\/wp-content\/uploads\/2018\/11\/cropped-cropped-ESCUDO-JULIUS-SIEBER-1-1.jpg\",\"contentUrl\":\"https:\/\/iejuliussieber.edu.co\/sitio\/wp-content\/uploads\/2018\/11\/cropped-cropped-ESCUDO-JULIUS-SIEBER-1-1.jpg\",\"width\":895,\"height\":1093},{\"@type\":\"BreadcrumbList\",\"@id\":\"https:\/\/iejuliussieber.edu.co\/sitio\/acceda-a-google-g-suite-for-education\/#breadcrumb\",\"itemListElement\":[{\"@type\":\"ListItem\",\"position\":1,\"name\":\"Portada\",\"item\":\"https:\/\/iejuliussieber.edu.co\/sitio\/\"},{\"@type\":\"ListItem\",\"position\":2,\"name\":\"ACCEDA A GOOGLE G SUITE FOR EDUCATION\"}]},{\"@type\":\"WebSite\",\"@id\":\"https:\/\/iejuliussieber.edu.co\/sitio\/#website\",\"url\":\"https:\/\/iejuliussieber.edu.co\/sitio\/\",\"name\":\"Instituci\u00f3n Educativa Julius Sieber\",\"description\":\"\",\"publisher\":{\"@id\":\"https:\/\/iejuliussieber.edu.co\/sitio\/#organization\"},\"potentialAction\":[{\"@type\":\"SearchAction\",\"target\":{\"@type\":\"EntryPoint\",\"urlTemplate\":\"https:\/\/iejuliussieber.edu.co\/sitio\/?s={search_term_string}\"},\"query-input\":{\"@type\":\"PropertyValueSpecification\",\"valueRequired\":true,\"valueName\":\"search_term_string\"}}],\"inLanguage\":\"es\"},{\"@type\":\"Organization\",\"@id\":\"https:\/\/iejuliussieber.edu.co\/sitio\/#organization\",\"name\":\"Instituci\u00f3n Educativa Julius Sieber\",\"url\":\"https:\/\/iejuliussieber.edu.co\/sitio\/\",\"logo\":{\"@type\":\"ImageObject\",\"inLanguage\":\"es\",\"@id\":\"https:\/\/iejuliussieber.edu.co\/sitio\/#\/schema\/logo\/image\/\",\"url\":\"https:\/\/iejuliussieber.edu.co\/sitio\/wp-content\/uploads\/2018\/11\/cropped-cropped-ESCUDO-JULIUS-SIEBER-1-1.jpg\",\"contentUrl\":\"https:\/\/iejuliussieber.edu.co\/sitio\/wp-content\/uploads\/2018\/11\/cropped-cropped-ESCUDO-JULIUS-SIEBER-1-1.jpg\",\"width\":895,\"height\":1093,\"caption\":\"Instituci\u00f3n Educativa Julius Sieber\"},\"image\":{\"@id\":\"https:\/\/iejuliussieber.edu.co\/sitio\/#\/schema\/logo\/image\/\"}}]}<\/script>\n<!-- \/ Yoast SEO Premium plugin. -->","yoast_head_json":{"title":"ACCEDA A GOOGLE G SUITE FOR EDUCATION - Instituci\u00f3n Educativa Julius Sieber","robots":{"index":"index","follow":"follow","max-snippet":"max-snippet:-1","max-image-preview":"max-image-preview:large","max-video-preview":"max-video-preview:-1"},"canonical":"https:\/\/iejuliussieber.edu.co\/sitio\/acceda-a-google-g-suite-for-education\/","og_locale":"es_ES","og_type":"article","og_title":"ACCEDA A GOOGLE G SUITE FOR EDUCATION","og_description":"INICIO Tendremos acceso por medio del correo institucional del dominio @iejuliussieber.edu.co, cuya estructura tanto para docentes y alumnos es: apellidosynombres @iejuliussieber.edu.co sin espacios ejemplo: carvajalpinillacesarfrancisco@iejuliussieber.edu.co , (tener en cuenta que si su nombre o apellido tiene una \u00f1 debe remplazarla por una n, no debe utilizar tildes y la contrase\u00f1a es el numero de documento) [&hellip;]","og_url":"https:\/\/iejuliussieber.edu.co\/sitio\/acceda-a-google-g-suite-for-education\/","og_site_name":"Instituci\u00f3n Educativa Julius Sieber","article_modified_time":"2025-11-22T23:21:38+00:00","og_image":[{"width":895,"height":1093,"url":"https:\/\/iejuliussieber.edu.co\/sitio\/wp-content\/uploads\/2018\/11\/cropped-cropped-ESCUDO-JULIUS-SIEBER-1-1.jpg","type":"image\/jpeg"}],"twitter_card":"summary_large_image","twitter_misc":{"Tiempo de lectura":"2 minutos"},"schema":{"@context":"https:\/\/schema.org","@graph":[{"@type":"WebPage","@id":"https:\/\/iejuliussieber.edu.co\/sitio\/acceda-a-google-g-suite-for-education\/","url":"https:\/\/iejuliussieber.edu.co\/sitio\/acceda-a-google-g-suite-for-education\/","name":"ACCEDA A GOOGLE G SUITE FOR EDUCATION - Instituci\u00f3n Educativa Julius Sieber","isPartOf":{"@id":"https:\/\/iejuliussieber.edu.co\/sitio\/#website"},"primaryImageOfPage":{"@id":"https:\/\/iejuliussieber.edu.co\/sitio\/acceda-a-google-g-suite-for-education\/#primaryimage"},"image":{"@id":"https:\/\/iejuliussieber.edu.co\/sitio\/acceda-a-google-g-suite-for-education\/#primaryimage"},"thumbnailUrl":"https:\/\/iejuliussieber.edu.co\/sitio\/wp-content\/uploads\/2018\/11\/cropped-cropped-ESCUDO-JULIUS-SIEBER-1-1.jpg","datePublished":"2020-04-25T01:13:00+00:00","dateModified":"2025-11-22T23:21:38+00:00","breadcrumb":{"@id":"https:\/\/iejuliussieber.edu.co\/sitio\/acceda-a-google-g-suite-for-education\/#breadcrumb"},"inLanguage":"es","potentialAction":[{"@type":"ReadAction","target":["https:\/\/iejuliussieber.edu.co\/sitio\/acceda-a-google-g-suite-for-education\/"]}]},{"@type":"ImageObject","inLanguage":"es","@id":"https:\/\/iejuliussieber.edu.co\/sitio\/acceda-a-google-g-suite-for-education\/#primaryimage","url":"https:\/\/iejuliussieber.edu.co\/sitio\/wp-content\/uploads\/2018\/11\/cropped-cropped-ESCUDO-JULIUS-SIEBER-1-1.jpg","contentUrl":"https:\/\/iejuliussieber.edu.co\/sitio\/wp-content\/uploads\/2018\/11\/cropped-cropped-ESCUDO-JULIUS-SIEBER-1-1.jpg","width":895,"height":1093},{"@type":"BreadcrumbList","@id":"https:\/\/iejuliussieber.edu.co\/sitio\/acceda-a-google-g-suite-for-education\/#breadcrumb","itemListElement":[{"@type":"ListItem","position":1,"name":"Portada","item":"https:\/\/iejuliussieber.edu.co\/sitio\/"},{"@type":"ListItem","position":2,"name":"ACCEDA A GOOGLE G SUITE FOR EDUCATION"}]},{"@type":"WebSite","@id":"https:\/\/iejuliussieber.edu.co\/sitio\/#website","url":"https:\/\/iejuliussieber.edu.co\/sitio\/","name":"Instituci\u00f3n Educativa Julius Sieber","description":"","publisher":{"@id":"https:\/\/iejuliussieber.edu.co\/sitio\/#organization"},"potentialAction":[{"@type":"SearchAction","target":{"@type":"EntryPoint","urlTemplate":"https:\/\/iejuliussieber.edu.co\/sitio\/?s={search_term_string}"},"query-input":{"@type":"PropertyValueSpecification","valueRequired":true,"valueName":"search_term_string"}}],"inLanguage":"es"},{"@type":"Organization","@id":"https:\/\/iejuliussieber.edu.co\/sitio\/#organization","name":"Instituci\u00f3n Educativa Julius Sieber","url":"https:\/\/iejuliussieber.edu.co\/sitio\/","logo":{"@type":"ImageObject","inLanguage":"es","@id":"https:\/\/iejuliussieber.edu.co\/sitio\/#\/schema\/logo\/image\/","url":"https:\/\/iejuliussieber.edu.co\/sitio\/wp-content\/uploads\/2018\/11\/cropped-cropped-ESCUDO-JULIUS-SIEBER-1-1.jpg","contentUrl":"https:\/\/iejuliussieber.edu.co\/sitio\/wp-content\/uploads\/2018\/11\/cropped-cropped-ESCUDO-JULIUS-SIEBER-1-1.jpg","width":895,"height":1093,"caption":"Instituci\u00f3n Educativa Julius Sieber"},"image":{"@id":"https:\/\/iejuliussieber.edu.co\/sitio\/#\/schema\/logo\/image\/"}}]}},"_links":{"self":[{"href":"https:\/\/iejuliussieber.edu.co\/sitio\/wp-json\/wp\/v2\/pages\/1485","targetHints":{"allow":["GET"]}}],"collection":[{"href":"https:\/\/iejuliussieber.edu.co\/sitio\/wp-json\/wp\/v2\/pages"}],"about":[{"href":"https:\/\/iejuliussieber.edu.co\/sitio\/wp-json\/wp\/v2\/types\/page"}],"author":[{"embeddable":true,"href":"https:\/\/iejuliussieber.edu.co\/sitio\/wp-json\/wp\/v2\/users\/1"}],"replies":[{"embeddable":true,"href":"https:\/\/iejuliussieber.edu.co\/sitio\/wp-json\/wp\/v2\/comments?post=1485"}],"version-history":[{"count":0,"href":"https:\/\/iejuliussieber.edu.co\/sitio\/wp-json\/wp\/v2\/pages\/1485\/revisions"}],"wp:attachment":[{"href":"https:\/\/iejuliussieber.edu.co\/sitio\/wp-json\/wp\/v2\/media?parent=1485"}],"curies":[{"name":"wp","href":"https:\/\/api.w.org\/{rel}","templated":true}]}}