{"id":86,"date":"2018-11-12T22:07:07","date_gmt":"2018-11-12T22:07:07","guid":{"rendered":"https:\/\/iejuliussieber.edu.co\/sitio\/?page_id=86"},"modified":"2023-05-18T12:29:51","modified_gmt":"2023-05-18T17:29:51","slug":"86-2","status":"publish","type":"page","link":"https:\/\/iejuliussieber.edu.co\/sitio\/86-2\/","title":{"rendered":"\u00bfQUI\u00c9NES SOMOS?"},"content":{"rendered":"\t\t<div data-elementor-type=\"wp-page\" data-elementor-id=\"86\" class=\"elementor elementor-86\" data-elementor-post-type=\"page\">\n\t\t\t\t\t\t<section class=\"elementor-section elementor-top-section elementor-element elementor-element-f95cb02 elementor-section-boxed elementor-section-height-default elementor-section-height-default\" data-id=\"f95cb02\" data-element_type=\"section\" data-e-type=\"section\">\n\t\t\t\t\t\t<div class=\"elementor-container elementor-column-gap-default\">\n\t\t\t\t\t<div class=\"elementor-column elementor-col-100 elementor-top-column elementor-element elementor-element-abc5e74\" data-id=\"abc5e74\" data-element_type=\"column\" data-e-type=\"column\">\n\t\t\t<div class=\"elementor-widget-wrap elementor-element-populated\">\n\t\t\t\t\t\t<div class=\"elementor-element elementor-element-a9136ba elementor-widget elementor-widget-spacer\" data-id=\"a9136ba\" data-element_type=\"widget\" data-e-type=\"widget\" data-widget_type=\"spacer.default\">\n\t\t\t\t<div class=\"elementor-widget-container\">\n\t\t\t\t\t\t\t<div class=\"elementor-spacer\">\n\t\t\t<div class=\"elementor-spacer-inner\"><\/div>\n\t\t<\/div>\n\t\t\t\t\t\t<\/div>\n\t\t\t\t<\/div>\n\t\t\t\t\t<\/div>\n\t\t<\/div>\n\t\t\t\t\t<\/div>\n\t\t<\/section>\n\t\t\t\t<section class=\"elementor-section elementor-top-section elementor-element elementor-element-73370d56 elementor-section-boxed elementor-section-height-default elementor-section-height-default\" data-id=\"73370d56\" data-element_type=\"section\" data-e-type=\"section\" data-settings=\"{&quot;background_background&quot;:&quot;classic&quot;}\">\n\t\t\t\t\t\t<div class=\"elementor-container elementor-column-gap-no\">\n\t\t\t\t\t<div class=\"elementor-column elementor-col-100 elementor-top-column elementor-element elementor-element-6f4ebb9f\" data-id=\"6f4ebb9f\" data-element_type=\"column\" data-e-type=\"column\">\n\t\t\t<div class=\"elementor-widget-wrap elementor-element-populated\">\n\t\t\t\t\t\t<section class=\"elementor-section elementor-inner-section elementor-element elementor-element-b2e497e elementor-section-height-min-height elementor-section-boxed elementor-section-height-default elementor-invisible\" data-id=\"b2e497e\" data-element_type=\"section\" data-e-type=\"section\" data-settings=\"{&quot;animation&quot;:&quot;fadeIn&quot;}\">\n\t\t\t\t\t\t<div class=\"elementor-container elementor-column-gap-default\">\n\t\t\t\t\t<div class=\"elementor-column elementor-col-50 elementor-inner-column elementor-element elementor-element-779dc987\" data-id=\"779dc987\" data-element_type=\"column\" data-e-type=\"column\" data-settings=\"{&quot;background_background&quot;:&quot;classic&quot;}\">\n\t\t\t<div class=\"elementor-widget-wrap elementor-element-populated\">\n\t\t\t\t\t\t<div class=\"elementor-element elementor-element-39219f3 elementor-widget-divider--view-line elementor-widget elementor-widget-divider\" data-id=\"39219f3\" data-element_type=\"widget\" data-e-type=\"widget\" data-widget_type=\"divider.default\">\n\t\t\t\t<div class=\"elementor-widget-container\">\n\t\t\t\t\t\t\t<div class=\"elementor-divider\">\n\t\t\t<span class=\"elementor-divider-separator\">\n\t\t\t\t\t\t<\/span>\n\t\t<\/div>\n\t\t\t\t\t\t<\/div>\n\t\t\t\t<\/div>\n\t\t\t\t\t<\/div>\n\t\t<\/div>\n\t\t\t\t<div class=\"elementor-column elementor-col-50 elementor-inner-column elementor-element elementor-element-7b0c102b\" data-id=\"7b0c102b\" data-element_type=\"column\" data-e-type=\"column\">\n\t\t\t<div class=\"elementor-widget-wrap elementor-element-populated\">\n\t\t\t\t\t\t<div class=\"elementor-element elementor-element-4bfe8983 elementor-widget elementor-widget-heading\" data-id=\"4bfe8983\" data-element_type=\"widget\" data-e-type=\"widget\" data-widget_type=\"heading.default\">\n\t\t\t\t<div class=\"elementor-widget-container\">\n\t\t\t\t\t<h2 class=\"elementor-heading-title elementor-size-default\">\u00bfQui\u00e9nes Somos?<\/h2>\t\t\t\t<\/div>\n\t\t\t\t<\/div>\n\t\t\t\t<div class=\"elementor-element elementor-element-34ba9437 elementor-widget elementor-widget-text-editor\" data-id=\"34ba9437\" data-element_type=\"widget\" data-e-type=\"widget\" data-widget_type=\"text-editor.default\">\n\t\t\t\t<div class=\"elementor-widget-container\">\n\t\t\t\t\t\t\t\t\t<p>La instituci\u00f3n educativa Julius Sieber es una instituci\u00f3n educativa oficial, que imparte educaci\u00f3n en las secciones de Preescolar, B\u00e1sica Primaria, B\u00e1sica Secundaria, Media T\u00e9cnica y por Ciclos (adultos). La instituci\u00f3n cambio su raz\u00f3n social el 23 de noviembre de 1992 y adopta el Nombre de Colegio Julius Sieber en honor al ilustre pensador y pedagogo alem\u00e1n iniciador de la primera etapa de la U.P.T.C<\/p>\t\t\t\t\t\t\t\t<\/div>\n\t\t\t\t<\/div>\n\t\t\t\t\t<\/div>\n\t\t<\/div>\n\t\t\t\t\t<\/div>\n\t\t<\/section>\n\t\t\t\t\t<\/div>\n\t\t<\/div>\n\t\t\t\t\t<\/div>\n\t\t<\/section>\n\t\t\t\t<section class=\"elementor-section elementor-top-section elementor-element elementor-element-7d4962e elementor-section-boxed elementor-section-height-default elementor-section-height-default\" data-id=\"7d4962e\" data-element_type=\"section\" data-e-type=\"section\" data-settings=\"{&quot;background_background&quot;:&quot;classic&quot;}\">\n\t\t\t\t\t\t<div class=\"elementor-container elementor-column-gap-no\">\n\t\t\t\t\t<div class=\"elementor-column elementor-col-100 elementor-top-column elementor-element elementor-element-ee8e425\" data-id=\"ee8e425\" data-element_type=\"column\" data-e-type=\"column\">\n\t\t\t<div class=\"elementor-widget-wrap elementor-element-populated\">\n\t\t\t\t\t\t<section class=\"elementor-section elementor-inner-section elementor-element elementor-element-9cf9ac1 elementor-section-height-min-height elementor-section-boxed elementor-section-height-default elementor-invisible\" data-id=\"9cf9ac1\" data-element_type=\"section\" data-e-type=\"section\" data-settings=\"{&quot;animation&quot;:&quot;fadeIn&quot;}\">\n\t\t\t\t\t\t<div class=\"elementor-container elementor-column-gap-default\">\n\t\t\t\t\t<div class=\"elementor-column elementor-col-50 elementor-inner-column elementor-element elementor-element-a245373\" data-id=\"a245373\" data-element_type=\"column\" data-e-type=\"column\">\n\t\t\t<div class=\"elementor-widget-wrap elementor-element-populated\">\n\t\t\t\t\t\t<div class=\"elementor-element elementor-element-6174641 elementor-widget elementor-widget-heading\" data-id=\"6174641\" data-element_type=\"widget\" data-e-type=\"widget\" data-widget_type=\"heading.default\">\n\t\t\t\t<div class=\"elementor-widget-container\">\n\t\t\t\t\t<h2 class=\"elementor-heading-title elementor-size-default\">Misi\u00f3n <\/h2>\t\t\t\t<\/div>\n\t\t\t\t<\/div>\n\t\t\t\t<div class=\"elementor-element elementor-element-825aec8 elementor-widget elementor-widget-text-editor\" data-id=\"825aec8\" data-element_type=\"widget\" data-e-type=\"widget\" data-widget_type=\"text-editor.default\">\n\t\t\t\t<div class=\"elementor-widget-container\">\n\t\t\t\t\t\t\t\t\t<p>Apoyar el desarrollo de las potencialidades intelectuales f\u00edsicas,morales y est\u00e9ticas de los ni\u00f1os, ni\u00f1as, j\u00f3venes y adultos a trav\u00e9s de la adquisici\u00f3n de conocimientos de desarrollo de competencias B\u00e1sicas, Laborales y ciudadanas,experiencias de aprendizaje significativo, aprendizaje para la comprensi\u00f3n y resoluci\u00f3n de problemas y participaci\u00f3n en el medio sociocultural que los rodea, para responder as\u00ed a las necesidades y exigencias de un mundo cambiante.<\/p>\t\t\t\t\t\t\t\t<\/div>\n\t\t\t\t<\/div>\n\t\t\t\t\t<\/div>\n\t\t<\/div>\n\t\t\t\t<div class=\"elementor-column elementor-col-50 elementor-inner-column elementor-element elementor-element-f3abf70\" data-id=\"f3abf70\" data-element_type=\"column\" data-e-type=\"column\" data-settings=\"{&quot;background_background&quot;:&quot;classic&quot;}\">\n\t\t\t<div class=\"elementor-widget-wrap elementor-element-populated\">\n\t\t\t\t\t\t<div class=\"elementor-element elementor-element-c9c8154 elementor-widget-divider--view-line elementor-widget elementor-widget-divider\" data-id=\"c9c8154\" data-element_type=\"widget\" data-e-type=\"widget\" data-widget_type=\"divider.default\">\n\t\t\t\t<div class=\"elementor-widget-container\">\n\t\t\t\t\t\t\t<div class=\"elementor-divider\">\n\t\t\t<span class=\"elementor-divider-separator\">\n\t\t\t\t\t\t<\/span>\n\t\t<\/div>\n\t\t\t\t\t\t<\/div>\n\t\t\t\t<\/div>\n\t\t\t\t\t<\/div>\n\t\t<\/div>\n\t\t\t\t\t<\/div>\n\t\t<\/section>\n\t\t\t\t\t<\/div>\n\t\t<\/div>\n\t\t\t\t\t<\/div>\n\t\t<\/section>\n\t\t\t\t<section class=\"elementor-section elementor-top-section elementor-element elementor-element-a12f7e1 elementor-section-boxed elementor-section-height-default elementor-section-height-default\" data-id=\"a12f7e1\" data-element_type=\"section\" data-e-type=\"section\" data-settings=\"{&quot;background_background&quot;:&quot;classic&quot;}\">\n\t\t\t\t\t\t<div class=\"elementor-container elementor-column-gap-no\">\n\t\t\t\t\t<div class=\"elementor-column elementor-col-100 elementor-top-column elementor-element elementor-element-fdaad86\" data-id=\"fdaad86\" data-element_type=\"column\" data-e-type=\"column\">\n\t\t\t<div class=\"elementor-widget-wrap elementor-element-populated\">\n\t\t\t\t\t\t<section class=\"elementor-section elementor-inner-section elementor-element elementor-element-570a401 elementor-section-height-min-height elementor-section-boxed elementor-section-height-default elementor-invisible\" data-id=\"570a401\" data-element_type=\"section\" data-e-type=\"section\" data-settings=\"{&quot;animation&quot;:&quot;fadeIn&quot;}\">\n\t\t\t\t\t\t<div class=\"elementor-container elementor-column-gap-default\">\n\t\t\t\t\t<div class=\"elementor-column elementor-col-50 elementor-inner-column elementor-element elementor-element-ef3b748\" data-id=\"ef3b748\" data-element_type=\"column\" data-e-type=\"column\" data-settings=\"{&quot;background_background&quot;:&quot;classic&quot;}\">\n\t\t\t<div class=\"elementor-widget-wrap elementor-element-populated\">\n\t\t\t\t\t\t<div class=\"elementor-element elementor-element-9181d85 elementor-widget-divider--view-line elementor-widget elementor-widget-divider\" data-id=\"9181d85\" data-element_type=\"widget\" data-e-type=\"widget\" data-widget_type=\"divider.default\">\n\t\t\t\t<div class=\"elementor-widget-container\">\n\t\t\t\t\t\t\t<div class=\"elementor-divider\">\n\t\t\t<span class=\"elementor-divider-separator\">\n\t\t\t\t\t\t<\/span>\n\t\t<\/div>\n\t\t\t\t\t\t<\/div>\n\t\t\t\t<\/div>\n\t\t\t\t\t<\/div>\n\t\t<\/div>\n\t\t\t\t<div class=\"elementor-column elementor-col-50 elementor-inner-column elementor-element elementor-element-adadc9a\" data-id=\"adadc9a\" data-element_type=\"column\" data-e-type=\"column\">\n\t\t\t<div class=\"elementor-widget-wrap elementor-element-populated\">\n\t\t\t\t\t\t<div class=\"elementor-element elementor-element-33862e1 elementor-widget elementor-widget-heading\" data-id=\"33862e1\" data-element_type=\"widget\" data-e-type=\"widget\" data-widget_type=\"heading.default\">\n\t\t\t\t<div class=\"elementor-widget-container\">\n\t\t\t\t\t<h2 class=\"elementor-heading-title elementor-size-default\">Visi\u00f3n<\/h2>\t\t\t\t<\/div>\n\t\t\t\t<\/div>\n\t\t\t\t<div class=\"elementor-element elementor-element-ce0ffea elementor-widget elementor-widget-text-editor\" data-id=\"ce0ffea\" data-element_type=\"widget\" data-e-type=\"widget\" data-widget_type=\"text-editor.default\">\n\t\t\t\t<div class=\"elementor-widget-container\">\n\t\t\t\t\t\t\t\t\t<p>En el a\u00f1o 2020, nuestra instituci\u00f3n estar\u00e1 posicionada como una de las mejores de Tunja, por su calidad educativa y proyecci\u00f3n de sus egresados a la educaci\u00f3n superior y a las tecnolog\u00edas mediante la utilizaci\u00f3n de nuevos m\u00e9todos y adelantos cient\u00edficos, como una respuesta solida a la necesidad social del pa\u00eds. Seguir\u00e1 instruyendo, formando y educando a los alumnos y alumnas con una educaci\u00f3n humana basada en modelos pedag\u00f3gicos de calidad, teniendo como base fundamental, la familia constructora de individuos integrales de bien, con alternativas educativas que propenden por un buen desarrollo humano,la vivencia y la defensa de los derechos humanos y los valores, especialmente el derecho a la vida y la consecuci\u00f3n de una justicia social, haciendo de los miembros de la instituci\u00f3n educativa, ciudadanos comprometidos y acordes a las exigencias del medio social mediante la promoci\u00f3n y ejecuci\u00f3n de los valores,los principios, la reflexi\u00f3n y le prevenci\u00f3n, as\u00ed como el liderazgo en la gesti\u00f3n de proyectos y procesos transversales de desarrollo social de su entorno.<\/p>\t\t\t\t\t\t\t\t<\/div>\n\t\t\t\t<\/div>\n\t\t\t\t\t<\/div>\n\t\t<\/div>\n\t\t\t\t\t<\/div>\n\t\t<\/section>\n\t\t\t\t\t<\/div>\n\t\t<\/div>\n\t\t\t\t\t<\/div>\n\t\t<\/section>\n\t\t\t\t<section class=\"elementor-section elementor-top-section elementor-element elementor-element-9f6338d elementor-section-boxed elementor-section-height-default elementor-section-height-default\" data-id=\"9f6338d\" data-element_type=\"section\" data-e-type=\"section\">\n\t\t\t\t\t\t<div class=\"elementor-container elementor-column-gap-default\">\n\t\t\t\t\t<div class=\"elementor-column elementor-col-100 elementor-top-column elementor-element elementor-element-e17b9e2\" data-id=\"e17b9e2\" data-element_type=\"column\" data-e-type=\"column\">\n\t\t\t<div class=\"elementor-widget-wrap\">\n\t\t\t\t\t\t\t<\/div>\n\t\t<\/div>\n\t\t\t\t\t<\/div>\n\t\t<\/section>\n\t\t\t\t<\/div>\n\t\t","protected":false},"excerpt":{"rendered":"<p>\u00bfQui\u00e9nes Somos? La instituci\u00f3n educativa Julius Sieber es una instituci\u00f3n educativa oficial, que imparte educaci\u00f3n en las secciones de Preescolar, B\u00e1sica Primaria, B\u00e1sica Secundaria, Media T\u00e9cnica y por Ciclos (adultos). La instituci\u00f3n cambio su raz\u00f3n social el 23 de noviembre de 1992 y adopta el Nombre de Colegio Julius Sieber en honor al ilustre pensador [&hellip;]<\/p>\n","protected":false},"author":1,"featured_media":0,"parent":0,"menu_order":1,"comment_status":"closed","ping_status":"closed","template":"","meta":{"inline_featured_image":false,"ocean_post_layout":"","ocean_both_sidebars_style":"","ocean_both_sidebars_content_width":0,"ocean_both_sidebars_sidebars_width":0,"ocean_sidebar":"","ocean_second_sidebar":"","ocean_disable_margins":"enable","ocean_add_body_class":"","ocean_shortcode_before_top_bar":"","ocean_shortcode_after_top_bar":"","ocean_shortcode_before_header":"","ocean_shortcode_after_header":"","ocean_has_shortcode":"","ocean_shortcode_after_title":"","ocean_shortcode_before_footer_widgets":"","ocean_shortcode_after_footer_widgets":"","ocean_shortcode_before_footer_bottom":"","ocean_shortcode_after_footer_bottom":"","ocean_display_top_bar":"default","ocean_display_header":"default","ocean_header_style":"","ocean_center_header_left_menu":"","ocean_custom_header_template":"","ocean_custom_logo":0,"ocean_custom_retina_logo":0,"ocean_custom_logo_max_width":0,"ocean_custom_logo_tablet_max_width":0,"ocean_custom_logo_mobile_max_width":0,"ocean_custom_logo_max_height":0,"ocean_custom_logo_tablet_max_height":0,"ocean_custom_logo_mobile_max_height":0,"ocean_header_custom_menu":"","ocean_menu_typo_font_family":"","ocean_menu_typo_font_subset":"","ocean_menu_typo_font_size":0,"ocean_menu_typo_font_size_tablet":0,"ocean_menu_typo_font_size_mobile":0,"ocean_menu_typo_font_size_unit":"px","ocean_menu_typo_font_weight":"","ocean_menu_typo_font_weight_tablet":"","ocean_menu_typo_font_weight_mobile":"","ocean_menu_typo_transform":"","ocean_menu_typo_transform_tablet":"","ocean_menu_typo_transform_mobile":"","ocean_menu_typo_line_height":0,"ocean_menu_typo_line_height_tablet":0,"ocean_menu_typo_line_height_mobile":0,"ocean_menu_typo_line_height_unit":"","ocean_menu_typo_spacing":0,"ocean_menu_typo_spacing_tablet":0,"ocean_menu_typo_spacing_mobile":0,"ocean_menu_typo_spacing_unit":"","ocean_menu_link_color":"","ocean_menu_link_color_hover":"","ocean_menu_link_color_active":"","ocean_menu_link_background":"","ocean_menu_link_hover_background":"","ocean_menu_link_active_background":"","ocean_menu_social_links_bg":"","ocean_menu_social_hover_links_bg":"","ocean_menu_social_links_color":"","ocean_menu_social_hover_links_color":"","ocean_disable_title":"default","ocean_disable_heading":"default","ocean_post_title":"","ocean_post_subheading":"","ocean_post_title_style":"","ocean_post_title_background_color":"","ocean_post_title_background":0,"ocean_post_title_bg_image_position":"","ocean_post_title_bg_image_attachment":"","ocean_post_title_bg_image_repeat":"","ocean_post_title_bg_image_size":"","ocean_post_title_height":0,"ocean_post_title_bg_overlay":0.5,"ocean_post_title_bg_overlay_color":"","ocean_disable_breadcrumbs":"default","ocean_breadcrumbs_color":"","ocean_breadcrumbs_separator_color":"","ocean_breadcrumbs_links_color":"","ocean_breadcrumbs_links_hover_color":"","ocean_display_footer_widgets":"default","ocean_display_footer_bottom":"default","ocean_custom_footer_template":"","footnotes":""},"class_list":["post-86","page","type-page","status-publish","hentry","entry"],"yoast_head":"<!-- This site is optimized with the Yoast SEO Premium plugin v26.3 (Yoast SEO v27.5) - https:\/\/yoast.com\/product\/yoast-seo-premium-wordpress\/ -->\n<title>\u00bfQUI\u00c9NES SOMOS? - Instituci\u00f3n Educativa Julius Sieber<\/title>\n<meta name=\"robots\" content=\"index, follow, max-snippet:-1, max-image-preview:large, max-video-preview:-1\" \/>\n<link rel=\"canonical\" href=\"https:\/\/iejuliussieber.edu.co\/sitio\/86-2\/\" \/>\n<meta property=\"og:locale\" content=\"es_ES\" \/>\n<meta property=\"og:type\" content=\"article\" \/>\n<meta property=\"og:title\" content=\"\u00bfQUI\u00c9NES SOMOS?\" \/>\n<meta property=\"og:description\" content=\"\u00bfQui\u00e9nes Somos? La instituci\u00f3n educativa Julius Sieber es una instituci\u00f3n educativa oficial, que imparte educaci\u00f3n en las secciones de Preescolar, B\u00e1sica Primaria, B\u00e1sica Secundaria, Media T\u00e9cnica y por Ciclos (adultos). La instituci\u00f3n cambio su raz\u00f3n social el 23 de noviembre de 1992 y adopta el Nombre de Colegio Julius Sieber en honor al ilustre pensador [&hellip;]\" \/>\n<meta property=\"og:url\" content=\"https:\/\/iejuliussieber.edu.co\/sitio\/86-2\/\" \/>\n<meta property=\"og:site_name\" content=\"Instituci\u00f3n Educativa Julius Sieber\" \/>\n<meta property=\"article:modified_time\" content=\"2023-05-18T17:29:51+00:00\" \/>\n<meta name=\"twitter:card\" content=\"summary_large_image\" \/>\n<meta name=\"twitter:label1\" content=\"Tiempo de lectura\" \/>\n\t<meta name=\"twitter:data1\" content=\"2 minutos\" \/>\n<script type=\"application\/ld+json\" class=\"yoast-schema-graph\">{\"@context\":\"https:\\\/\\\/schema.org\",\"@graph\":[{\"@type\":\"WebPage\",\"@id\":\"https:\\\/\\\/iejuliussieber.edu.co\\\/sitio\\\/86-2\\\/\",\"url\":\"https:\\\/\\\/iejuliussieber.edu.co\\\/sitio\\\/86-2\\\/\",\"name\":\"\u00bfQUI\u00c9NES SOMOS? - Instituci\u00f3n Educativa Julius Sieber\",\"isPartOf\":{\"@id\":\"https:\\\/\\\/iejuliussieber.edu.co\\\/sitio\\\/#website\"},\"datePublished\":\"2018-11-12T22:07:07+00:00\",\"dateModified\":\"2023-05-18T17:29:51+00:00\",\"breadcrumb\":{\"@id\":\"https:\\\/\\\/iejuliussieber.edu.co\\\/sitio\\\/86-2\\\/#breadcrumb\"},\"inLanguage\":\"es\",\"potentialAction\":[{\"@type\":\"ReadAction\",\"target\":[\"https:\\\/\\\/iejuliussieber.edu.co\\\/sitio\\\/86-2\\\/\"]}]},{\"@type\":\"BreadcrumbList\",\"@id\":\"https:\\\/\\\/iejuliussieber.edu.co\\\/sitio\\\/86-2\\\/#breadcrumb\",\"itemListElement\":[{\"@type\":\"ListItem\",\"position\":1,\"name\":\"Portada\",\"item\":\"https:\\\/\\\/iejuliussieber.edu.co\\\/sitio\\\/\"},{\"@type\":\"ListItem\",\"position\":2,\"name\":\"\u00bfQUI\u00c9NES SOMOS?\"}]},{\"@type\":\"WebSite\",\"@id\":\"https:\\\/\\\/iejuliussieber.edu.co\\\/sitio\\\/#website\",\"url\":\"https:\\\/\\\/iejuliussieber.edu.co\\\/sitio\\\/\",\"name\":\"Instituci\u00f3n Educativa Julius Sieber\",\"description\":\"\",\"publisher\":{\"@id\":\"https:\\\/\\\/iejuliussieber.edu.co\\\/sitio\\\/#organization\"},\"potentialAction\":[{\"@type\":\"SearchAction\",\"target\":{\"@type\":\"EntryPoint\",\"urlTemplate\":\"https:\\\/\\\/iejuliussieber.edu.co\\\/sitio\\\/?s={search_term_string}\"},\"query-input\":{\"@type\":\"PropertyValueSpecification\",\"valueRequired\":true,\"valueName\":\"search_term_string\"}}],\"inLanguage\":\"es\"},{\"@type\":\"Organization\",\"@id\":\"https:\\\/\\\/iejuliussieber.edu.co\\\/sitio\\\/#organization\",\"name\":\"Instituci\u00f3n Educativa Julius Sieber\",\"url\":\"https:\\\/\\\/iejuliussieber.edu.co\\\/sitio\\\/\",\"logo\":{\"@type\":\"ImageObject\",\"inLanguage\":\"es\",\"@id\":\"https:\\\/\\\/iejuliussieber.edu.co\\\/sitio\\\/#\\\/schema\\\/logo\\\/image\\\/\",\"url\":\"https:\\\/\\\/iejuliussieber.edu.co\\\/sitio\\\/wp-content\\\/uploads\\\/2018\\\/11\\\/cropped-cropped-ESCUDO-JULIUS-SIEBER-1-1.jpg\",\"contentUrl\":\"https:\\\/\\\/iejuliussieber.edu.co\\\/sitio\\\/wp-content\\\/uploads\\\/2018\\\/11\\\/cropped-cropped-ESCUDO-JULIUS-SIEBER-1-1.jpg\",\"width\":895,\"height\":1093,\"caption\":\"Instituci\u00f3n Educativa Julius Sieber\"},\"image\":{\"@id\":\"https:\\\/\\\/iejuliussieber.edu.co\\\/sitio\\\/#\\\/schema\\\/logo\\\/image\\\/\"}}]}<\/script>\n<!-- \/ Yoast SEO Premium plugin. -->","yoast_head_json":{"title":"\u00bfQUI\u00c9NES SOMOS? - Instituci\u00f3n Educativa Julius Sieber","robots":{"index":"index","follow":"follow","max-snippet":"max-snippet:-1","max-image-preview":"max-image-preview:large","max-video-preview":"max-video-preview:-1"},"canonical":"https:\/\/iejuliussieber.edu.co\/sitio\/86-2\/","og_locale":"es_ES","og_type":"article","og_title":"\u00bfQUI\u00c9NES SOMOS?","og_description":"\u00bfQui\u00e9nes Somos? La instituci\u00f3n educativa Julius Sieber es una instituci\u00f3n educativa oficial, que imparte educaci\u00f3n en las secciones de Preescolar, B\u00e1sica Primaria, B\u00e1sica Secundaria, Media T\u00e9cnica y por Ciclos (adultos). La instituci\u00f3n cambio su raz\u00f3n social el 23 de noviembre de 1992 y adopta el Nombre de Colegio Julius Sieber en honor al ilustre pensador [&hellip;]","og_url":"https:\/\/iejuliussieber.edu.co\/sitio\/86-2\/","og_site_name":"Instituci\u00f3n Educativa Julius Sieber","article_modified_time":"2023-05-18T17:29:51+00:00","twitter_card":"summary_large_image","twitter_misc":{"Tiempo de lectura":"2 minutos"},"schema":{"@context":"https:\/\/schema.org","@graph":[{"@type":"WebPage","@id":"https:\/\/iejuliussieber.edu.co\/sitio\/86-2\/","url":"https:\/\/iejuliussieber.edu.co\/sitio\/86-2\/","name":"\u00bfQUI\u00c9NES SOMOS? - Instituci\u00f3n Educativa Julius Sieber","isPartOf":{"@id":"https:\/\/iejuliussieber.edu.co\/sitio\/#website"},"datePublished":"2018-11-12T22:07:07+00:00","dateModified":"2023-05-18T17:29:51+00:00","breadcrumb":{"@id":"https:\/\/iejuliussieber.edu.co\/sitio\/86-2\/#breadcrumb"},"inLanguage":"es","potentialAction":[{"@type":"ReadAction","target":["https:\/\/iejuliussieber.edu.co\/sitio\/86-2\/"]}]},{"@type":"BreadcrumbList","@id":"https:\/\/iejuliussieber.edu.co\/sitio\/86-2\/#breadcrumb","itemListElement":[{"@type":"ListItem","position":1,"name":"Portada","item":"https:\/\/iejuliussieber.edu.co\/sitio\/"},{"@type":"ListItem","position":2,"name":"\u00bfQUI\u00c9NES SOMOS?"}]},{"@type":"WebSite","@id":"https:\/\/iejuliussieber.edu.co\/sitio\/#website","url":"https:\/\/iejuliussieber.edu.co\/sitio\/","name":"Instituci\u00f3n Educativa Julius Sieber","description":"","publisher":{"@id":"https:\/\/iejuliussieber.edu.co\/sitio\/#organization"},"potentialAction":[{"@type":"SearchAction","target":{"@type":"EntryPoint","urlTemplate":"https:\/\/iejuliussieber.edu.co\/sitio\/?s={search_term_string}"},"query-input":{"@type":"PropertyValueSpecification","valueRequired":true,"valueName":"search_term_string"}}],"inLanguage":"es"},{"@type":"Organization","@id":"https:\/\/iejuliussieber.edu.co\/sitio\/#organization","name":"Instituci\u00f3n Educativa Julius Sieber","url":"https:\/\/iejuliussieber.edu.co\/sitio\/","logo":{"@type":"ImageObject","inLanguage":"es","@id":"https:\/\/iejuliussieber.edu.co\/sitio\/#\/schema\/logo\/image\/","url":"https:\/\/iejuliussieber.edu.co\/sitio\/wp-content\/uploads\/2018\/11\/cropped-cropped-ESCUDO-JULIUS-SIEBER-1-1.jpg","contentUrl":"https:\/\/iejuliussieber.edu.co\/sitio\/wp-content\/uploads\/2018\/11\/cropped-cropped-ESCUDO-JULIUS-SIEBER-1-1.jpg","width":895,"height":1093,"caption":"Instituci\u00f3n Educativa Julius Sieber"},"image":{"@id":"https:\/\/iejuliussieber.edu.co\/sitio\/#\/schema\/logo\/image\/"}}]}},"_links":{"self":[{"href":"https:\/\/iejuliussieber.edu.co\/sitio\/wp-json\/wp\/v2\/pages\/86","targetHints":{"allow":["GET"]}}],"collection":[{"href":"https:\/\/iejuliussieber.edu.co\/sitio\/wp-json\/wp\/v2\/pages"}],"about":[{"href":"https:\/\/iejuliussieber.edu.co\/sitio\/wp-json\/wp\/v2\/types\/page"}],"author":[{"embeddable":true,"href":"https:\/\/iejuliussieber.edu.co\/sitio\/wp-json\/wp\/v2\/users\/1"}],"replies":[{"embeddable":true,"href":"https:\/\/iejuliussieber.edu.co\/sitio\/wp-json\/wp\/v2\/comments?post=86"}],"version-history":[{"count":0,"href":"https:\/\/iejuliussieber.edu.co\/sitio\/wp-json\/wp\/v2\/pages\/86\/revisions"}],"wp:attachment":[{"href":"https:\/\/iejuliussieber.edu.co\/sitio\/wp-json\/wp\/v2\/media?parent=86"}],"curies":[{"name":"wp","href":"https:\/\/api.w.org\/{rel}","templated":true}]}}